{"id":1054,"date":"2023-05-12T10:34:07","date_gmt":"2023-05-12T10:34:07","guid":{"rendered":"https:\/\/kubikdelikatesy.pl\/?page_id=1054"},"modified":"2026-04-02T11:25:18","modified_gmt":"2026-04-02T11:25:18","slug":"aktualny-katalog","status":"publish","type":"page","link":"https:\/\/kubikdelikatesy.pl\/index.php\/aktualny-katalog\/","title":{"rendered":"Aktualny katalog"},"content":{"rendered":"\t\t<div data-elementor-type=\"wp-page\" data-elementor-id=\"1054\" class=\"elementor elementor-1054\">\n\t\t\t\t\t\t<section class=\"elementor-section elementor-top-section elementor-element elementor-element-3f4e2dab elementor-section-full_width elementor-section-content-bottom elementor-section-height-default elementor-section-height-default\" data-id=\"3f4e2dab\" data-element_type=\"section\" data-e-type=\"section\" data-settings=\"{&quot;background_background&quot;:&quot;classic&quot;}\">\n\t\t\t\t\t\t<div class=\"elementor-container elementor-column-gap-no\">\n\t\t\t\t\t<div class=\"elementor-column elementor-col-50 elementor-top-column elementor-element elementor-element-78b0c344\" data-id=\"78b0c344\" data-element_type=\"column\" data-e-type=\"column\">\n\t\t\t<div class=\"elementor-widget-wrap elementor-element-populated\">\n\t\t\t\t\t\t<section class=\"elementor-section elementor-inner-section elementor-element elementor-element-55c8c8e9 elementor-reverse-tablet elementor-reverse-mobile elementor-section-boxed elementor-section-height-default elementor-section-height-default\" data-id=\"55c8c8e9\" data-element_type=\"section\" data-e-type=\"section\">\n\t\t\t\t\t\t<div class=\"elementor-container elementor-column-gap-default\">\n\t\t\t\t\t<div class=\"elementor-column elementor-col-100 elementor-inner-column elementor-element elementor-element-4cc30886\" data-id=\"4cc30886\" data-element_type=\"column\" data-e-type=\"column\">\n\t\t\t<div class=\"elementor-widget-wrap elementor-element-populated\">\n\t\t\t\t\t\t<div class=\"elementor-element elementor-element-693bfcaa elementor-widget elementor-widget-heading\" data-id=\"693bfcaa\" data-element_type=\"widget\" data-e-type=\"widget\" data-widget_type=\"heading.default\">\n\t\t\t\t<div class=\"elementor-widget-container\">\n\t\t\t\t\t<h1 class=\"elementor-heading-title elementor-size-default\">Aktualna gazetka<\/h1>\t\t\t\t<\/div>\n\t\t\t\t<\/div>\n\t\t\t\t<div class=\"elementor-element elementor-element-3106f8e2 elementor-widget elementor-widget-text-editor\" data-id=\"3106f8e2\" data-element_type=\"widget\" data-e-type=\"widget\" data-widget_type=\"text-editor.default\">\n\t\t\t\t<div class=\"elementor-widget-container\">\n\t\t\t\t\t\t\t\t\t<p>W naszym sklepie zawsze znajdziesz najlepsze promocje! Jeste\u015bmy zdeterminowani, aby zapewni\u0107 naszym klientom doskona\u0142\u0105 warto\u015b\u0107 za ich pieni\u0105dze. Dlatego regularnie przygotowujemy atrakcyjne oferty i promocje, kt\u00f3re umo\u017cliwiaj\u0105 oszcz\u0119dno\u015bci i satysfakcj\u0119 z zakup\u00f3w.<\/p>\t\t\t\t\t\t\t\t<\/div>\n\t\t\t\t<\/div>\n\t\t\t\t<div class=\"elementor-element elementor-element-3ef470e6 elementor-widget elementor-widget-spacer\" data-id=\"3ef470e6\" data-element_type=\"widget\" data-e-type=\"widget\" data-widget_type=\"spacer.default\">\n\t\t\t\t<div class=\"elementor-widget-container\">\n\t\t\t\t\t\t\t<div class=\"elementor-spacer\">\n\t\t\t<div class=\"elementor-spacer-inner\"><\/div>\n\t\t<\/div>\n\t\t\t\t\t\t<\/div>\n\t\t\t\t<\/div>\n\t\t\t\t<div class=\"elementor-element elementor-element-5bcb6902 elementor-button-warning elementor-widget__width-initial e-transform elementor-widget elementor-widget-button\" data-id=\"5bcb6902\" data-element_type=\"widget\" data-e-type=\"widget\" data-settings=\"{&quot;_transform_scale_effect_hover&quot;:{&quot;unit&quot;:&quot;px&quot;,&quot;size&quot;:1.02,&quot;sizes&quot;:[]},&quot;_transform_scale_effect_hover_tablet&quot;:{&quot;unit&quot;:&quot;px&quot;,&quot;size&quot;:&quot;&quot;,&quot;sizes&quot;:[]},&quot;_transform_scale_effect_hover_mobile&quot;:{&quot;unit&quot;:&quot;px&quot;,&quot;size&quot;:&quot;&quot;,&quot;sizes&quot;:[]}}\" data-widget_type=\"button.default\">\n\t\t\t\t<div class=\"elementor-widget-container\">\n\t\t\t\t\t\t\t\t\t<div class=\"elementor-button-wrapper\">\n\t\t\t\t\t<a class=\"elementor-button elementor-button-link elementor-size-md\" href=\"#katalog\">\n\t\t\t\t\t\t<span class=\"elementor-button-content-wrapper\">\n\t\t\t\t\t\t<span class=\"elementor-button-icon\">\n\t\t\t\t<i aria-hidden=\"true\" class=\"fas fa-arrow-alt-circle-right\"><\/i>\t\t\t<\/span>\n\t\t\t\t\t\t\t\t\t<span class=\"elementor-button-text\">AKTUALNY KATALOG<\/span>\n\t\t\t\t\t<\/span>\n\t\t\t\t\t<\/a>\n\t\t\t\t<\/div>\n\t\t\t\t\t\t\t\t<\/div>\n\t\t\t\t<\/div>\n\t\t\t\t\t<\/div>\n\t\t<\/div>\n\t\t\t\t\t<\/div>\n\t\t<\/section>\n\t\t\t\t\t<\/div>\n\t\t<\/div>\n\t\t\t\t<div class=\"elementor-column elementor-col-50 elementor-top-column elementor-element elementor-element-30e4f504\" data-id=\"30e4f504\" data-element_type=\"column\" data-e-type=\"column\" data-settings=\"{&quot;background_background&quot;:&quot;classic&quot;}\">\n\t\t\t<div class=\"elementor-widget-wrap\">\n\t\t\t\t\t<div class=\"elementor-background-overlay\"><\/div>\n\t\t\t\t\t\t\t<\/div>\n\t\t<\/div>\n\t\t\t\t\t<\/div>\n\t\t<\/section>\n\t\t\t\t<section class=\"elementor-section elementor-top-section elementor-element elementor-element-23431105 elementor-section-content-middle elementor-hidden-desktop elementor-hidden-tablet elementor-hidden-mobile elementor-section-boxed elementor-section-height-default elementor-section-height-default\" data-id=\"23431105\" data-element_type=\"section\" data-e-type=\"section\" data-settings=\"{&quot;background_background&quot;:&quot;classic&quot;}\">\n\t\t\t\t\t\t<div class=\"elementor-container elementor-column-gap-no\">\n\t\t\t\t\t<div class=\"elementor-column elementor-col-50 elementor-top-column elementor-element elementor-element-2e6113a5\" data-id=\"2e6113a5\" data-element_type=\"column\" data-e-type=\"column\">\n\t\t\t<div class=\"elementor-widget-wrap elementor-element-populated\">\n\t\t\t\t\t\t<div class=\"elementor-element elementor-element-78c55f8 elementor-widget elementor-widget-image\" data-id=\"78c55f8\" data-element_type=\"widget\" data-e-type=\"widget\" data-widget_type=\"image.default\">\n\t\t\t\t<div class=\"elementor-widget-container\">\n\t\t\t\t\t\t\t\t\t\t\t\t\t\t\t<img fetchpriority=\"high\" decoding=\"async\" width=\"800\" height=\"800\" src=\"https:\/\/kubikdelikatesy.pl\/wp-content\/uploads\/2024\/11\/Projekt-bez-nazwy-2-1024x1024.png\" class=\"attachment-large size-large wp-image-1898\" alt=\"\" srcset=\"https:\/\/kubikdelikatesy.pl\/wp-content\/uploads\/2024\/11\/Projekt-bez-nazwy-2-1024x1024.png 1024w, https:\/\/kubikdelikatesy.pl\/wp-content\/uploads\/2024\/11\/Projekt-bez-nazwy-2-300x300.png 300w, https:\/\/kubikdelikatesy.pl\/wp-content\/uploads\/2024\/11\/Projekt-bez-nazwy-2-150x150.png 150w, https:\/\/kubikdelikatesy.pl\/wp-content\/uploads\/2024\/11\/Projekt-bez-nazwy-2-768x768.png 768w, https:\/\/kubikdelikatesy.pl\/wp-content\/uploads\/2024\/11\/Projekt-bez-nazwy-2-650x650.png 650w, https:\/\/kubikdelikatesy.pl\/wp-content\/uploads\/2024\/11\/Projekt-bez-nazwy-2.png 1080w\" sizes=\"(max-width: 800px) 100vw, 800px\" \/>\t\t\t\t\t\t\t\t\t\t\t\t\t\t\t<\/div>\n\t\t\t\t<\/div>\n\t\t\t\t\t<\/div>\n\t\t<\/div>\n\t\t\t\t<div class=\"elementor-column elementor-col-50 elementor-top-column elementor-element elementor-element-6c9dcfce\" data-id=\"6c9dcfce\" data-element_type=\"column\" data-e-type=\"column\" data-settings=\"{&quot;background_background&quot;:&quot;classic&quot;}\">\n\t\t\t<div class=\"elementor-widget-wrap elementor-element-populated\">\n\t\t\t\t\t\t<div class=\"elementor-element elementor-element-a59d5af elementor-widget elementor-widget-heading\" data-id=\"a59d5af\" data-element_type=\"widget\" data-e-type=\"widget\" data-widget_type=\"heading.default\">\n\t\t\t\t<div class=\"elementor-widget-container\">\n\t\t\t\t\t<h1 class=\"elementor-heading-title elementor-size-default\">Zestawy prezentowe<\/h1>\t\t\t\t<\/div>\n\t\t\t\t<\/div>\n\t\t\t\t<div class=\"elementor-element elementor-element-23ac164 elementor-widget elementor-widget-text-editor\" data-id=\"23ac164\" data-element_type=\"widget\" data-e-type=\"widget\" data-widget_type=\"text-editor.default\">\n\t\t\t\t<div class=\"elementor-widget-container\">\n\t\t\t\t\t\t\t\t\t<p class=\"p1\">Szukasz idealnego prezentu na zbli\u017caj\u0105ce si\u0119 \u015bwi\u0119ta lub inn\u0105 wyj\u0105tkow\u0105 okazj\u0119? Oferujemy zestawy prezentowe, kt\u00f3re mo\u017cesz zam\u00f3wi\u0107 ju\u017c dzi\u015b, w sklepie lub telefonicznie!<\/p>\t\t\t\t\t\t\t\t<\/div>\n\t\t\t\t<\/div>\n\t\t\t\t<div class=\"elementor-element elementor-element-25c3223 elementor-widget elementor-widget-text-editor\" data-id=\"25c3223\" data-element_type=\"widget\" data-e-type=\"widget\" data-widget_type=\"text-editor.default\">\n\t\t\t\t<div class=\"elementor-widget-container\">\n\t\t\t\t\t\t\t\t\t<p class=\"p1\"><b>Personalizacja<\/b>: Dostosuj zestaw do indywidualnych preferencji.<\/p><p class=\"p2\"><b>Najwy\u017csza jako\u015b\u0107<\/b>: Produkty od sprawdzonych dostawc\u00f3w\u00a0<\/p><p class=\"p2\"><b>Eleganckie opakowanie<\/b>: Ka\u017cdy zestaw jest pi\u0119knie zapakowany i gotowy do wr\u0119czenia.<\/p>\t\t\t\t\t\t\t\t<\/div>\n\t\t\t\t<\/div>\n\t\t\t\t\t<\/div>\n\t\t<\/div>\n\t\t\t\t\t<\/div>\n\t\t<\/section>\n\t\t<div class=\"elementor-element elementor-element-82d0418 katalog e-flex e-con-boxed e-con e-parent\" data-id=\"82d0418\" data-element_type=\"container\" data-e-type=\"container\" id=\"katalog\">\n\t\t\t\t\t<div class=\"e-con-inner\">\n\t\t\t\t<div class=\"elementor-element elementor-element-b9775cc elementor-widget elementor-widget-html\" data-id=\"b9775cc\" data-element_type=\"widget\" data-e-type=\"widget\" data-widget_type=\"html.default\">\n\t\t\t\t<div class=\"elementor-widget-container\">\n\t\t\t\t\t<div style=\"position:relative;padding-top:0;width:1000px;height:800px;\"><iframe style=\"position:absolute;border:none;width:100%;height:100%;left:0;top:0;\" src=\"https:\/\/online.fliphtml5.com\/jgnhj\/24-kubik-str-01\/\" title=\"24 kubik str 01\" seamless=\"seamless\" scrolling=\"no\" frameborder=\"0\" allowtransparency=\"true\" allowfullscreen=\"true\" ><\/iframe><\/div>\t\t\t\t<\/div>\n\t\t\t\t<\/div>\n\t\t\t\t\t<\/div>\n\t\t\t\t<\/div>\n\t\t\t\t<\/div>\n\t\t","protected":false},"excerpt":{"rendered":"<p>Aktualna gazetka W naszym sklepie zawsze znajdziesz najlepsze promocje! Jeste\u015bmy zdeterminowani, aby zapewni\u0107 naszym klientom doskona\u0142\u0105 warto\u015b\u0107 za ich pieni\u0105dze. Dlatego regularnie przygotowujemy atrakcyjne oferty i promocje, kt\u00f3re umo\u017cliwiaj\u0105 oszcz\u0119dno\u015bci i satysfakcj\u0119 z zakup\u00f3w. AKTUALNY KATALOG Zestawy prezentowe Szukasz idealnego prezentu na zbli\u017caj\u0105ce si\u0119 \u015bwi\u0119ta lub inn\u0105 wyj\u0105tkow\u0105 okazj\u0119? Oferujemy zestawy prezentowe, kt\u00f3re mo\u017cesz zam\u00f3wi\u0107 [&hellip;]<\/p>\n","protected":false},"author":1,"featured_media":0,"parent":0,"menu_order":0,"comment_status":"closed","ping_status":"closed","template":"","meta":{"footnotes":""},"class_list":["post-1054","page","type-page","status-publish","hentry"],"_links":{"self":[{"href":"https:\/\/kubikdelikatesy.pl\/index.php\/wp-json\/wp\/v2\/pages\/1054","targetHints":{"allow":["GET"]}}],"collection":[{"href":"https:\/\/kubikdelikatesy.pl\/index.php\/wp-json\/wp\/v2\/pages"}],"about":[{"href":"https:\/\/kubikdelikatesy.pl\/index.php\/wp-json\/wp\/v2\/types\/page"}],"author":[{"embeddable":true,"href":"https:\/\/kubikdelikatesy.pl\/index.php\/wp-json\/wp\/v2\/users\/1"}],"replies":[{"embeddable":true,"href":"https:\/\/kubikdelikatesy.pl\/index.php\/wp-json\/wp\/v2\/comments?post=1054"}],"version-history":[{"count":151,"href":"https:\/\/kubikdelikatesy.pl\/index.php\/wp-json\/wp\/v2\/pages\/1054\/revisions"}],"predecessor-version":[{"id":2025,"href":"https:\/\/kubikdelikatesy.pl\/index.php\/wp-json\/wp\/v2\/pages\/1054\/revisions\/2025"}],"wp:attachment":[{"href":"https:\/\/kubikdelikatesy.pl\/index.php\/wp-json\/wp\/v2\/media?parent=1054"}],"curies":[{"name":"wp","href":"https:\/\/api.w.org\/{rel}","templated":true}]}}